{"id":152,"date":"2024-11-20T21:19:24","date_gmt":"2024-11-20T20:19:24","guid":{"rendered":"https:\/\/www.morelelemetvous.fr\/?page_id=152"},"modified":"2024-11-20T21:19:48","modified_gmt":"2024-11-20T20:19:48","slug":"documents","status":"publish","type":"page","link":"https:\/\/www.morelelemetvous.fr\/index.php\/documents\/","title":{"rendered":"\ud83d\udcc4 Documents"},"content":{"rendered":"<ul class=\"filebird-block-filebird-gallery wp-block-gallery blocks-gallery-grid columns-1 is-cropped\" style=\"--columns: 1;--space: 0px;--min-width: 0px;\"><li><div class=\"components-notice is-error\"><div class=\"components-notice__content\"><p>This folder has no images, please choose another one.<\/p><\/div><\/div><\/li><\/ul>\n\n\n<div class=\"wp-block-columns is-layout-flex wp-container-core-columns-is-layout-9d6595d7 wp-block-columns-is-layout-flex\">\n<div class=\"wp-block-column is-layout-flow wp-block-column-is-layout-flow\"><\/div>\n\n\n\n<div class=\"wp-block-column is-layout-flow wp-block-column-is-layout-flow\"><\/div>\n<\/div>\n\n\n\n\n\n<span id=\"eeSFL_FileListTop\"><!-- Simple File List - File List Top --><\/span>\n\n<div class=\"eeSFL\" id=\"eeSFL\">\n<script>\n\tvar eeSFL_PluginURL = \"https:\/\/www.morelelemetvous.fr\/wp-content\/plugins\/simple-file-list\/\";\n\tvar eeSFL_FileListDir = \"wp-content\/uploads\/simple-file-list\/\";\n\tvar eeSFL_ShowListStyle = \"TABLE\";\n<\/script>\n<table class=\"eeFiles\">\n\n<tbody>\n\n\t\t<tr class=\"eeSFL_Item\" id=\"eeSFL_FileID-1\"><td class=\"eeSFL_FileName\">\n\n\t\t\t<span class=\"eeSFL_RealFileName eeHide\">2024-2025-Reglement-interieur-de-lecole.pdf<\/span>\n\t\t\t<span class=\"eeSFL_FileNiceName eeHide\">2024-2025 - R\u00e8glement int\u00e9rieur de l'\u00e9cole.pdf<\/span>\n\t\t\t<span class=\"eeSFL_FileMimeType eeHide\">application\/pdf<\/span>\n\n\t\t\t<p class=\"eeSFL_FileLink\"><a class=\"eeSFL_FileName\" href=\"https:\/\/www.morelelemetvous.fr\/wp-content\/uploads\/simple-file-list\/2024-2025-Reglement-interieur-de-lecole.pdf\" target=\"_blank\">2024-2025 - R\u00e8glement int\u00e9rieur de l'\u00e9cole.pdf<\/a><\/p><p class=\"eeSFL_FileDesc \"><\/p>\n\n\t\t<small class=\"eeSFL_ListFileActions\">\n\n\t\t<\/small>\n\n\t\t<span class=\"eeHide eeSFL_FileSize\">524.25 KB<\/span>\n\t\t<span class=\"eeHide eeSFL_FileDateAdded\"><\/span>\n\t\t<span class=\"eeHide eeSFL_FileDateChanged\">19 novembre 2024<\/span><\/td><td class=\"eeSFL_FileSize\">524.25 KB<\/td><td class=\"eeSFL_FileDate\">19 novembre 2024<\/td><\/tr>\n\n\t\t<tr class=\"eeSFL_Item\" id=\"eeSFL_FileID-3\"><td class=\"eeSFL_FileName\">\n\n\t\t\t<span class=\"eeSFL_RealFileName eeHide\">Conseil-Ecole-05-11-2024.pdf<\/span>\n\t\t\t<span class=\"eeSFL_FileNiceName eeHide\">Conseil Ecole 05-11-2024.pdf<\/span>\n\t\t\t<span class=\"eeSFL_FileMimeType eeHide\">application\/pdf<\/span>\n\n\t\t\t<p class=\"eeSFL_FileLink\"><a class=\"eeSFL_FileName\" href=\"https:\/\/www.morelelemetvous.fr\/wp-content\/uploads\/simple-file-list\/Conseil-Ecole-05-11-2024.pdf\" target=\"_blank\">Conseil Ecole 05-11-2024.pdf<\/a><\/p><p class=\"eeSFL_FileDesc \"><\/p>\n\n\t\t<small class=\"eeSFL_ListFileActions\">\n\n\t\t<\/small>\n\n\t\t<span class=\"eeHide eeSFL_FileSize\">292.46 KB<\/span>\n\t\t<span class=\"eeHide eeSFL_FileDateAdded\"><\/span>\n\t\t<span class=\"eeHide eeSFL_FileDateChanged\">19 novembre 2024<\/span><\/td><td class=\"eeSFL_FileSize\">292.46 KB<\/td><td class=\"eeSFL_FileDate\">19 novembre 2024<\/td><\/tr>\n\n\t\t<tr class=\"eeSFL_Item\" id=\"eeSFL_FileID-5\"><td class=\"eeSFL_FileName\">\n\n\t\t\t<span class=\"eeSFL_RealFileName eeHide\">Conseil-Ecole-13-02-2025.pdf<\/span>\n\t\t\t<span class=\"eeSFL_FileNiceName eeHide\">Conseil Ecole 13-02-2025.pdf<\/span>\n\t\t\t<span class=\"eeSFL_FileMimeType eeHide\">application\/pdf<\/span>\n\n\t\t\t<p class=\"eeSFL_FileLink\"><a class=\"eeSFL_FileName\" href=\"https:\/\/www.morelelemetvous.fr\/wp-content\/uploads\/simple-file-list\/Conseil-Ecole-13-02-2025.pdf\" target=\"_blank\">Conseil Ecole 13-02-2025.pdf<\/a><\/p><p class=\"eeSFL_FileDesc \"><\/p>\n\n\t\t<small class=\"eeSFL_ListFileActions\">\n\n\t\t<\/small>\n\n\t\t<span class=\"eeHide eeSFL_FileSize\">128.72 KB<\/span>\n\t\t<span class=\"eeHide eeSFL_FileDateAdded\"><\/span>\n\t\t<span class=\"eeHide eeSFL_FileDateChanged\">7 avril 2025<\/span><\/td><td class=\"eeSFL_FileSize\">128.72 KB<\/td><td class=\"eeSFL_FileDate\">7 avril 2025<\/td><\/tr>\n\n<\/tbody>\n\n<\/table>\n\n<p class=\"eeHide\"><span id=\"eeSFL_FilesCount\">3<\/span><\/p>\n\n<\/div><!-- END .eeSFL -->\n\n\n\n<p><\/p>\n","protected":false},"excerpt":{"rendered":"","protected":false},"author":1,"featured_media":0,"parent":0,"menu_order":0,"comment_status":"closed","ping_status":"closed","template":"","meta":{"footnotes":""},"class_list":["post-152","page","type-page","status-publish","hentry"],"_links":{"self":[{"href":"https:\/\/www.morelelemetvous.fr\/index.php\/wp-json\/wp\/v2\/pages\/152","targetHints":{"allow":["GET"]}}],"collection":[{"href":"https:\/\/www.morelelemetvous.fr\/index.php\/wp-json\/wp\/v2\/pages"}],"about":[{"href":"https:\/\/www.morelelemetvous.fr\/index.php\/wp-json\/wp\/v2\/types\/page"}],"author":[{"embeddable":true,"href":"https:\/\/www.morelelemetvous.fr\/index.php\/wp-json\/wp\/v2\/users\/1"}],"replies":[{"embeddable":true,"href":"https:\/\/www.morelelemetvous.fr\/index.php\/wp-json\/wp\/v2\/comments?post=152"}],"version-history":[{"count":9,"href":"https:\/\/www.morelelemetvous.fr\/index.php\/wp-json\/wp\/v2\/pages\/152\/revisions"}],"predecessor-version":[{"id":166,"href":"https:\/\/www.morelelemetvous.fr\/index.php\/wp-json\/wp\/v2\/pages\/152\/revisions\/166"}],"wp:attachment":[{"href":"https:\/\/www.morelelemetvous.fr\/index.php\/wp-json\/wp\/v2\/media?parent=152"}],"curies":[{"name":"wp","href":"https:\/\/api.w.org\/{rel}","templated":true}]}}